{"id":81,"date":"2016-07-19T19:15:01","date_gmt":"2016-07-19T17:15:01","guid":{"rendered":"http:\/\/www.lesbruyeres66.be\/?page_id=81"},"modified":"2016-08-14T12:12:23","modified_gmt":"2016-08-14T10:12:23","slug":"description","status":"publish","type":"page","link":"https:\/\/www.lesbruyeres66.be\/?page_id=81&lang=fr","title":{"rendered":"Description"},"content":{"rendered":"<h3>Confort int\u00e9rieur<\/h3>\n<p>Po\u00eale \u00e0 bois, TV, T\u00e9l\u00e9distribution Proximus TV, Hi-Fi, Connexion internet WIFI.<\/p>\n<h3>Confort ext\u00e9rieur<\/h3>\n<p>Pelouse de 200 m\u00b2 clotur\u00e9e, terrasse de 25 m\u00b2.<br \/>\nPiste de p\u00e9tanque.<br \/>\nMobilier de jardin.<br \/>\nBarbecue au feu de bois.<br \/>\nParking pour 5 voitures<\/p>\n<h3>Niveau -1    Salle de jeux <\/h3>\n<p>Sauna avec four \u00e9lectrique<br \/>\nDouche italienne<br \/>\nTable de ping-pong<br \/>\nv\u00e9ritable kicker de caf\u00e9<br \/>\nJeux de fl\u00e9chette Dark<br \/>\nCoin d\u00e9tente<\/p>\n<h3>Niveau 0  Espace de vie<\/h3>\n<p>-Salon<\/p>\n<p>-Salle \u00e0 manger<\/p>\n<p>-Cuisine \u00e9quip\u00e9e : plaque de cuisson vitroc\u00e9ramique x4, frigo x1, cong\u00e9lateur x1,<br \/>\n                             lave-vaisselle x1, aspirateur miele, bouilloire \u00e9lectrique, percolateur,<br \/>\n                             grille pain, presse fruit, mix-soupe,<br \/>\n                             micro-onde<br \/>\n                             fer \u00e0 repasser, planche \u00e0 repasser<\/p>\n<p>-Chambre 1 : lit de 2 personnes<\/p>\n<p>-Salle de bain : baignoire et douche combin\u00e9e,  double lavabo, s\u00e8che-cheveux.<\/p>\n<p>-WC s\u00e9par\u00e9<\/p>\n<p>-Buanderie : lave-linge,s\u00e8che-linge, s\u00e8che-linge sur pied<\/p>\n<h3>Niveau 1<\/h3>\n<p>Chambre 2 :3 lits d&#8217;une 1 personne, lavabo, wc s\u00e9par\u00e9<\/p>\n<p>Chambre 3 : 2 lits d&#8217;une personne, lavabo<\/p>\n<p>Chambre 4 : 2 lits d&#8217;une personne<\/p>\n<p>Salle de bain : double lavabo, douche italienne,wc.<\/p>\n<div class=\"box_recommandations\">\n<h2>Quelques recommandations&#8230;<\/h2>\n<ul>\n<li>Les matelas ainsi que les oreillers et les \u00e9dredons  sont couverts de housses de protection.<br \/>\nVeuillez svp  y ajouter vos draps personnels.<\/li>\n<li>Des poubelles sp\u00e9cifiques pour le  tri des d\u00e9chets  sont disponibles \u00e0 la cave. <\/li>\n<li>Le g\u00eete est situ\u00e9 dans un environnement calme. Merci de respecter la qui\u00e9tude  des riverains.<\/li>\n<li>Merci de vider les poubelles et de remettre tout en place avant votre d\u00e9part. <\/li>\n<ul>\n<\/div>\n","protected":false},"excerpt":{"rendered":"<p>Confort int\u00e9rieur Po\u00eale \u00e0 bois, TV, T\u00e9l\u00e9distribution Proximus TV, Hi-Fi, Connexion internet WIFI. Confort ext\u00e9rieur Pelouse de 200 m\u00b2 clotur\u00e9e,[&#8230;]<\/p>\n","protected":false},"author":1,"featured_media":0,"parent":0,"menu_order":2,"comment_status":"closed","ping_status":"closed","template":"template-slider.php","meta":{"footnotes":""},"class_list":["post-81","page","type-page","status-publish","hentry"],"_links":{"self":[{"href":"https:\/\/www.lesbruyeres66.be\/index.php?rest_route=\/wp\/v2\/pages\/81","targetHints":{"allow":["GET"]}}],"collection":[{"href":"https:\/\/www.lesbruyeres66.be\/index.php?rest_route=\/wp\/v2\/pages"}],"about":[{"href":"https:\/\/www.lesbruyeres66.be\/index.php?rest_route=\/wp\/v2\/types\/page"}],"author":[{"embeddable":true,"href":"https:\/\/www.lesbruyeres66.be\/index.php?rest_route=\/wp\/v2\/users\/1"}],"replies":[{"embeddable":true,"href":"https:\/\/www.lesbruyeres66.be\/index.php?rest_route=%2Fwp%2Fv2%2Fcomments&post=81"}],"version-history":[{"count":7,"href":"https:\/\/www.lesbruyeres66.be\/index.php?rest_route=\/wp\/v2\/pages\/81\/revisions"}],"predecessor-version":[{"id":153,"href":"https:\/\/www.lesbruyeres66.be\/index.php?rest_route=\/wp\/v2\/pages\/81\/revisions\/153"}],"wp:attachment":[{"href":"https:\/\/www.lesbruyeres66.be\/index.php?rest_route=%2Fwp%2Fv2%2Fmedia&parent=81"}],"curies":[{"name":"wp","href":"https:\/\/api.w.org\/{rel}","templated":true}]}}