{"id":246,"date":"2016-08-14T12:02:54","date_gmt":"2016-08-14T10:02:54","guid":{"rendered":"http:\/\/www.lesbruyeres66.be\/?page_id=246"},"modified":"2025-10-27T08:42:15","modified_gmt":"2025-10-27T07:42:15","slug":"accueil","status":"publish","type":"page","link":"https:\/\/www.lesbruyeres66.be\/?page_id=246&lang=fr","title":{"rendered":"Accueil"},"content":{"rendered":"<h2>Bienvenue au g\u00eete \u00ab Les Bruy\u00e8res \u00bb<\/h2>\n<p>Nous vous souhaitons un agr\u00e9able s\u00e9jour !<\/p>\n<p><span class=\"stitre\">Description<\/span><\/p>\n<p class=\"txt_accueil\">Le g\u00eete \u00ab Les Bruy\u00e8res \u00bb est situ\u00e9 au pied des Hautes Fagnes, au c\u0153ur de l\u2019Eifel, dans le petit village de Bruy\u00e8res, entit\u00e9 de la commune de Waimes.<br \/>Dans un cadre champ\u00eatre, vous pourrez b\u00e9n\u00e9ficier du calme et d\u2019une nature riche et pr\u00e9serv\u00e9e.<br \/><a href=\"http:\/\/www.lesbruyeres66.be\/?page_id=81\">En savoir plus &#8230;<\/a><\/p>\n\n\n<div id=\"ConstellationWidgetContainer46b13d89-b2c1-42dc-a6cd-9bdcea12f6bf\" style=\"width:100%\" title=\"Les Bruy&#232;res\" data-id-projet='46b13d89b2c142dca6cd9bdcea12f6bf'>Chargement en cours&#8230;<\/div> <script type=\"text\/javascript\" src=\"https:\/\/reservation.elloha.com\/Scripts\/widget-loader.min.js?v=42\"><\/script> <script type=\"text\/javascript\">var constellationWidgetUrl46b13d89b2c142dca6cd9bdcea12f6bf, constellationTypeModule46b13d89b2c142dca6cd9bdcea12f6bf; constellationWidgetUrl46b13d89b2c142dca6cd9bdcea12f6bf = 'https:\/\/reservation.elloha.com\/Widget\/BookingEngine\/46b13d89-b2c1-42dc-a6cd-9bdcea12f6bf?idoi=bb5c5af9-9eb9-45d1-b71d-9ff7700fcd2d&culture=fr-FR'; constellationTypeModule46b13d89b2c142dca6cd9bdcea12f6bf=1; constellationWidgetLoad('ConstellationWidgetContainer46b13d89-b2c1-42dc-a6cd-9bdcea12f6bf'); constellationWidgetAddEvent(window, \"resize\", function () { constellationWidgetSetAppearance('ConstellationWidgetContainer46b13d89-b2c1-42dc-a6cd-9bdcea12f6bf'); });<\/script>\n\n\n<div id=\"box_activites\">\n<div class=\"cl\">Nous trouver<\/div>\n<\/div>\n<div id=\"wpgmza_map\" class=\"wpgmza_map\" data-settings='{\"id\":\"1\",\"map_title\":\"My first map\",\"map_width\":\"100\",\"map_height\":\"400\",\"map_start_lat\":\"50.438144\",\"map_start_lng\":\"6.117677\",\"map_start_location\":\"50.43814434261974,6.11767664550781\",\"map_start_zoom\":\"12\",\"default_marker\":\"0\",\"type\":\"1\",\"alignment\":\"1\",\"directions_enabled\":\"1\",\"styling_enabled\":\"0\",\"styling_json\":\"\",\"active\":\"0\",\"kml\":\"\",\"bicycle\":\"2\",\"traffic\":\"2\",\"dbox\":\"1\",\"dbox_width\":\"250\",\"listmarkers\":\"0\",\"listmarkers_advanced\":\"0\",\"filterbycat\":\"0\",\"ugm_enabled\":\"0\",\"ugm_category_enabled\":\"0\",\"fusion\":\"\",\"map_width_type\":\"\\\\%\",\"map_height_type\":\"px\",\"mass_marker_support\":\"1\",\"ugm_access\":\"0\",\"order_markers_by\":\"1\",\"order_markers_choice\":\"2\",\"show_user_location\":\"0\",\"default_to\":\"\",\"other_settings\":{\"store_locator_enabled\":2,\"store_locator_distance\":2,\"store_locator_bounce\":1,\"store_locator_query_string\":\"Code Postal \\\/ Adresse\",\"wpgmza_store_locator_restrict\":\"\",\"map_max_zoom\":\"1\",\"transport_layer\":2,\"wpgmza_theme_data\":\"\"}}' data-map-id='1' Data-maps-engine='' data-shortcode-attributes='{\"id\":\"1\"}' style=\"display:block; overflow:auto; width:100%; height:400px; float:left;\"><\/div>","protected":false},"excerpt":{"rendered":"<p>Bienvenue au g\u00eete \u00ab Les Bruy\u00e8res \u00bb Nous vous souhaitons un agr\u00e9able s\u00e9jour ! Description Le g\u00eete \u00ab Les Bruy\u00e8res[&#8230;]<\/p>\n","protected":false},"author":1,"featured_media":0,"parent":0,"menu_order":1,"comment_status":"closed","ping_status":"closed","template":"template-slider.php","meta":{"footnotes":""},"class_list":["post-246","page","type-page","status-publish","hentry"],"_links":{"self":[{"href":"https:\/\/www.lesbruyeres66.be\/index.php?rest_route=\/wp\/v2\/pages\/246","targetHints":{"allow":["GET"]}}],"collection":[{"href":"https:\/\/www.lesbruyeres66.be\/index.php?rest_route=\/wp\/v2\/pages"}],"about":[{"href":"https:\/\/www.lesbruyeres66.be\/index.php?rest_route=\/wp\/v2\/types\/page"}],"author":[{"embeddable":true,"href":"https:\/\/www.lesbruyeres66.be\/index.php?rest_route=\/wp\/v2\/users\/1"}],"replies":[{"embeddable":true,"href":"https:\/\/www.lesbruyeres66.be\/index.php?rest_route=%2Fwp%2Fv2%2Fcomments&post=246"}],"version-history":[{"count":4,"href":"https:\/\/www.lesbruyeres66.be\/index.php?rest_route=\/wp\/v2\/pages\/246\/revisions"}],"predecessor-version":[{"id":294,"href":"https:\/\/www.lesbruyeres66.be\/index.php?rest_route=\/wp\/v2\/pages\/246\/revisions\/294"}],"wp:attachment":[{"href":"https:\/\/www.lesbruyeres66.be\/index.php?rest_route=%2Fwp%2Fv2%2Fmedia&parent=246"}],"curies":[{"name":"wp","href":"https:\/\/api.w.org\/{rel}","templated":true}]}}