{"id":213,"date":"2016-08-12T23:01:22","date_gmt":"2016-08-12T21:01:22","guid":{"rendered":"http:\/\/www.lesbruyeres66.be\/?page_id=213"},"modified":"2016-12-08T13:19:26","modified_gmt":"2016-12-08T12:19:26","slug":"contact-2","status":"publish","type":"page","link":"https:\/\/www.lesbruyeres66.be\/?page_id=213&lang=nl","title":{"rendered":"Contact"},"content":{"rendered":"\n<div class=\"footer_box_txt\">\n<div class=\"box_footer_contact\">\n                                <span class=\"title_footer\">G\u00eete les Bruy\u00e8res<\/span><br \/>\n                                <b>Pesser Jos\u00e9<\/b><\/p>\n<div class=\"footer_ico\">\n\t\t\t\t\t<img decoding=\"async\" src=\"http:\/\/www.lesbruyeres66.be\/wp-content\/uploads\/2016\/07\/ico_adresse.png\">\n\t\t\t\t<\/div>\n<div class=\"footer_info\">Bruy\u00e8res 66 <br \/>4950 Waimes<\/div>\n<div class=\"cl\"><\/div>\n<div class=\"footer_ico\">\n\t\t\t\t\t<img decoding=\"async\" src=\"http:\/\/www.lesbruyeres66.be\/wp-content\/uploads\/2016\/07\/ico_phone.png\">\n\t\t\t\t<\/div>\n<div class=\"footer_info\">\n\t\t\t\t\t+32 479 567 632\n\t\t\t\t<\/div>\n<div class=\"cl\"><\/div>\n<div class=\"footer_ico\">\n\t\t\t\t\t<img decoding=\"async\" src=\"http:\/\/www.lesbruyeres66.be\/wp-content\/uploads\/2016\/07\/ico_mail.png\">\n\t\t\t\t<\/div>\n<div class=\"footer_info\">\n\t\t\t\t\t<a href=\"mailto: lesbruyeres66@gmail.com\" class=\"lien_contact\">lesbruyeres66@gmail.com<\/a>\n\t\t\t\t<\/div>\n<div class=\"cl\"><\/div>\n<\/p><\/div>\n<\/p><\/div>\n<div class=\"contact_map\">\n\t\t\t\t\t<div id=\"wpgmza_map\" class=\"wpgmza_map\" data-settings='{\"id\":\"1\",\"map_title\":\"My first map\",\"map_width\":\"100\",\"map_height\":\"400\",\"map_start_lat\":\"50.438144\",\"map_start_lng\":\"6.117677\",\"map_start_location\":\"50.43814434261974,6.11767664550781\",\"map_start_zoom\":\"12\",\"default_marker\":\"0\",\"type\":\"1\",\"alignment\":\"1\",\"directions_enabled\":\"1\",\"styling_enabled\":\"0\",\"styling_json\":\"\",\"active\":\"0\",\"kml\":\"\",\"bicycle\":\"2\",\"traffic\":\"2\",\"dbox\":\"1\",\"dbox_width\":\"250\",\"listmarkers\":\"0\",\"listmarkers_advanced\":\"0\",\"filterbycat\":\"0\",\"ugm_enabled\":\"0\",\"ugm_category_enabled\":\"0\",\"fusion\":\"\",\"map_width_type\":\"\\\\%\",\"map_height_type\":\"px\",\"mass_marker_support\":\"1\",\"ugm_access\":\"0\",\"order_markers_by\":\"1\",\"order_markers_choice\":\"2\",\"show_user_location\":\"0\",\"default_to\":\"\",\"other_settings\":{\"store_locator_enabled\":2,\"store_locator_distance\":2,\"store_locator_bounce\":1,\"store_locator_query_string\":\"Code Postal \\\/ Adresse\",\"wpgmza_store_locator_restrict\":\"\",\"map_max_zoom\":\"1\",\"transport_layer\":2,\"wpgmza_theme_data\":\"\"}}' data-map-id='1' Data-maps-engine='' data-shortcode-attributes='{\"id\":\"1\"}' style=\"display:block; overflow:auto; width:100%; height:400px; float:left;\"><\/div>\n\t\t\t\t<\/div>\n<div class=\"cl\"><\/div>\n<\/p><\/div>\n","protected":false},"excerpt":{"rendered":"<p>G\u00eete les Bruy\u00e8res Pesser Jos\u00e9 Bruy\u00e8res 66 4950 Waimes +32 479 567 632 lesbruyeres66@gmail.com<\/p>\n","protected":false},"author":1,"featured_media":0,"parent":0,"menu_order":4,"comment_status":"closed","ping_status":"closed","template":"template-slider.php","meta":{"footnotes":""},"class_list":["post-213","page","type-page","status-publish","hentry"],"_links":{"self":[{"href":"https:\/\/www.lesbruyeres66.be\/index.php?rest_route=\/wp\/v2\/pages\/213","targetHints":{"allow":["GET"]}}],"collection":[{"href":"https:\/\/www.lesbruyeres66.be\/index.php?rest_route=\/wp\/v2\/pages"}],"about":[{"href":"https:\/\/www.lesbruyeres66.be\/index.php?rest_route=\/wp\/v2\/types\/page"}],"author":[{"embeddable":true,"href":"https:\/\/www.lesbruyeres66.be\/index.php?rest_route=\/wp\/v2\/users\/1"}],"replies":[{"embeddable":true,"href":"https:\/\/www.lesbruyeres66.be\/index.php?rest_route=%2Fwp%2Fv2%2Fcomments&post=213"}],"version-history":[{"count":3,"href":"https:\/\/www.lesbruyeres66.be\/index.php?rest_route=\/wp\/v2\/pages\/213\/revisions"}],"predecessor-version":[{"id":282,"href":"https:\/\/www.lesbruyeres66.be\/index.php?rest_route=\/wp\/v2\/pages\/213\/revisions\/282"}],"wp:attachment":[{"href":"https:\/\/www.lesbruyeres66.be\/index.php?rest_route=%2Fwp%2Fv2%2Fmedia&parent=213"}],"curies":[{"name":"wp","href":"https:\/\/api.w.org\/{rel}","templated":true}]}}